{"id":650,"date":"2026-02-02T12:25:41","date_gmt":"2026-02-02T11:25:41","guid":{"rendered":"https:\/\/santop.fr\/jp\/?page_id=650"},"modified":"2026-02-02T14:24:17","modified_gmt":"2026-02-02T13:24:17","slug":"terms","status":"publish","type":"page","link":"https:\/\/santop.fr\/jp\/terms\/","title":{"rendered":"Terms"},"content":{"rendered":"\n<h2 class=\"wp-block-heading has-text-align-center\">Terms of Use<\/h2>\n\n\n\n<div class=\"wp-block-stackable-text stk-block-text stk-block stk-bc48580\" data-block-id=\"bc48580\"><style>.stk-bc48580 {max-width:703px !important;min-width:auto !important;margin-right:auto !important;margin-left:auto !important;}.stk-bc48580 .stk-block-text__text{color:var(--theme-palette-color-10, #222) !important;}<\/style><p class=\"stk-block-text__text has-text-color\">\u5f53\u30b5\u30a4\u30c8\u306b\u63b2\u8f09\u3055\u308c\u3066\u3044\u308b\u60c5\u5831\u306b\u3064\u3044\u3066\u306f\u3001\u6b63\u78ba\u6027\u306e\u78ba\u4fdd\u306b\u52aa\u3081\u3066\u304a\u308a\u307e\u3059\u304c\u3001\u305d\u306e\u5185\u5bb9\u3092\u4fdd\u8a3c\u3059\u308b\u3082\u306e\u3067\u306f\u3042\u308a\u307e\u305b\u3093\u3002<br>\u5f53\u30b5\u30a4\u30c8\u306e\u60c5\u5831\u3092\u5229\u7528\u3057\u305f\u3053\u3068\u306b\u3088\u308a\u751f\u3058\u305f\u3044\u304b\u306a\u308b\u640d\u5bb3\u306b\u3064\u3044\u3066\u3082\u3001\u5f53\u65b9\u306f\u8cac\u4efb\u3092\u8ca0\u3044\u304b\u306d\u307e\u3059\u3002\u5f53\u30b5\u30a4\u30c8\u306b\u63b2\u8f09\u3055\u308c\u3066\u3044\u308b\u6587\u7ae0\u3001\u753b\u50cf\u3001\u305d\u306e\u4ed6\u306e\u30b3\u30f3\u30c6\u30f3\u30c4\u306e\u7121\u65ad\u8ee2\u8f09\u30fb\u7121\u65ad\u4f7f\u7528\u3092\u7981\u6b62\u3057\u307e\u3059\u3002<\/p><\/div>\n\n\n\n<div class=\"wp-block-stackable-text stk-block-text stk-block stk-1aa4887\" data-block-id=\"1aa4887\"><style>.stk-1aa4887 {max-width:705px !important;min-width:auto !important;margin-right:auto !important;margin-left:auto !important;}.stk-1aa4887 .stk-block-text__text{color:var(--theme-palette-color-10, #222) !important;}<\/style><p class=\"stk-block-text__text has-text-color\">Les informations publi\u00e9es sur ce site sont fournies \u00e0 titre indicatif. Nous ne garantissons ni leur exactitude ni leur exhaustivit\u00e9.<br>Nous d\u00e9clinons toute responsabilit\u00e9 en cas de dommages r\u00e9sultant de l\u2019utilisation des informations figurant sur ce site.Toute reproduction ou utilisation non autoris\u00e9e des contenus (textes, images, etc.) est interdite.<\/p><\/div>\n\n\n\n<p><\/p>\n\n\n\n<div class=\"wp-block-stackable-text stk-block-text stk-block stk-d099d46\" data-block-id=\"d099d46\"><style>.stk-d099d46 {max-width:732px !important;min-width:auto !important;margin-right:auto !important;margin-left:auto !important;}.stk-d099d46 .stk-block-text__text{color:var(--theme-palette-color-10, #222) !important;}<\/style><p class=\"stk-block-text__text has-text-color\">Santop sarl<br>+33 1 42 96 90 64<br>4 rue chabanais 75002 PARIS<br>FRANCE<\/p><\/div>\n\n\n\n<div class=\"wp-block-stackable-spacer stk-block-spacer stk--no-padding stk-block stk-555d236\" data-block-id=\"555d236\"><style>.stk-555d236 {height:72px !important;}<\/style><\/div>\n","protected":false},"excerpt":{"rendered":"<p>Terms of Use \u5f53\u30b5\u30a4\u30c8\u306b\u63b2\u8f09\u3055\u308c\u3066\u3044\u308b\u60c5\u5831\u306b\u3064\u3044\u3066\u306f\u3001\u6b63\u78ba\u6027\u306e\u78ba\u4fdd\u306b\u52aa\u3081\u3066\u304a\u308a\u307e\u3059\u304c\u3001\u305d\u306e\u5185\u5bb9\u3092\u4fdd\u8a3c\u3059\u308b\u3082\u306e\u3067\u306f\u3042\u308a\u307e\u305b\u3093\u3002\u5f53\u30b5\u30a4\u30c8\u306e\u60c5\u5831\u3092\u5229\u7528\u3057\u305f\u3053\u3068\u306b\u3088\u308a\u751f\u3058\u305f\u3044\u304b\u306a\u308b\u640d\u5bb3\u306b\u3064\u3044\u3066\u3082\u3001\u5f53\u65b9\u306f\u8cac\u4efb\u3092\u8ca0\u3044\u304b\u306d [&hellip;]<\/p>\n","protected":false},"author":1,"featured_media":0,"parent":0,"menu_order":0,"comment_status":"closed","ping_status":"closed","template":"","meta":{"content-type":"","footnotes":""},"class_list":["post-650","page","type-page","status-publish","hentry"],"blocksy_meta":[],"_links":{"self":[{"href":"https:\/\/santop.fr\/jp\/wp-json\/wp\/v2\/pages\/650","targetHints":{"allow":["GET"]}}],"collection":[{"href":"https:\/\/santop.fr\/jp\/wp-json\/wp\/v2\/pages"}],"about":[{"href":"https:\/\/santop.fr\/jp\/wp-json\/wp\/v2\/types\/page"}],"author":[{"embeddable":true,"href":"https:\/\/santop.fr\/jp\/wp-json\/wp\/v2\/users\/1"}],"replies":[{"embeddable":true,"href":"https:\/\/santop.fr\/jp\/wp-json\/wp\/v2\/comments?post=650"}],"version-history":[{"count":3,"href":"https:\/\/santop.fr\/jp\/wp-json\/wp\/v2\/pages\/650\/revisions"}],"predecessor-version":[{"id":687,"href":"https:\/\/santop.fr\/jp\/wp-json\/wp\/v2\/pages\/650\/revisions\/687"}],"wp:attachment":[{"href":"https:\/\/santop.fr\/jp\/wp-json\/wp\/v2\/media?parent=650"}],"curies":[{"name":"wp","href":"https:\/\/api.w.org\/{rel}","templated":true}]}}