{"id":652,"date":"2026-02-02T12:26:54","date_gmt":"2026-02-02T11:26:54","guid":{"rendered":"https:\/\/santop.fr\/jp\/?page_id=652"},"modified":"2026-02-02T14:31:12","modified_gmt":"2026-02-02T13:31:12","slug":"privacy-policy","status":"publish","type":"page","link":"https:\/\/santop.fr\/jp\/privacy-policy\/","title":{"rendered":"Privacy policy"},"content":{"rendered":"\n<h2 class=\"wp-block-heading has-text-align-center\">Privacy policy<\/h2>\n\n\n\n<div class=\"wp-block-stackable-columns stk-block-columns stk-block stk-2421604\" data-block-id=\"2421604\"><div class=\"stk-row stk-inner-blocks stk-block-content stk-content-align stk-2421604-column\">\n<div class=\"wp-block-stackable-column stk-block-column stk-column stk-block stk-ecab140\" data-v=\"4\" data-block-id=\"ecab140\"><style>.stk-ecab140-container{max-width:703px !important;min-width:auto !important;margin-right:auto !important;margin-left:auto !important;}<\/style><div class=\"stk-column-wrapper stk-block-column__content stk-container stk-ecab140-container stk--no-background stk--no-padding\"><div class=\"stk-block-content stk-inner-blocks stk-ecab140-inner-blocks\">\n<div class=\"wp-block-stackable-text stk-block-text stk-block stk-ecf6580\" data-block-id=\"ecf6580\"><p class=\"stk-block-text__text\">\u79c1\u305f\u3061\u306e\u30b5\u30a4\u30c8\u30a2\u30c9\u30ec\u30b9\u306f https:\/\/santop.fr \u3067\u3059\u3002<\/p><\/div>\n\n\n\n<p>\u5f53\u30b5\u30a4\u30c8\u3067\u306f\u3001\u304a\u554f\u3044\u5408\u308f\u305b\u30d5\u30a9\u30fc\u30e0\u3092\u901a\u3058\u3066\u3001\u6c0f\u540d\u3001\u30e1\u30fc\u30eb\u30a2\u30c9\u30ec\u30b9\u7b49\u306e\u500b\u4eba\u60c5\u5831\u3092\u3054\u63d0\u4f9b\u3044\u305f\u3060\u304f\u5834\u5408\u304c\u3042\u308a\u307e\u3059\u3002<br>\u3053\u308c\u3089\u306e\u500b\u4eba\u60c5\u5831\u306f\u3001\u304a\u554f\u3044\u5408\u308f\u305b\u3078\u306e\u5bfe\u5fdc\u304a\u3088\u3073\u5fc5\u8981\u306a\u9023\u7d61\u306e\u76ee\u7684\u306b\u306e\u307f\u5229\u7528\u3044\u305f\u3057\u307e\u3059\u3002<\/p>\n\n\n\n<p>\u53d6\u5f97\u3057\u305f\u500b\u4eba\u60c5\u5831\u306f\u3001\u9069\u5207\u306a\u5b89\u5168\u7ba1\u7406\u63aa\u7f6e\u3092\u8b1b\u3058\u305f\u3046\u3048\u3067\u7ba1\u7406\u3057\u3001\u6cd5\u4ee4\u306b\u57fa\u3065\u304f\u5834\u5408\u3092\u9664\u304d\u3001\u7b2c\u4e09\u8005\u306b\u958b\u793a\u307e\u305f\u306f\u63d0\u4f9b\u3059\u308b\u3053\u3068\u306f\u3042\u308a\u307e\u305b\u3093\u3002<\/p>\n\n\n\n<p>\u3054\u672c\u4eba\u304b\u3089\u306e\u8981\u8acb\u304c\u3042\u3063\u305f\u5834\u5408\u3001\u5f53\u8a72\u500b\u4eba\u60c5\u5831\u306e\u78ba\u8a8d\u3001\u4fee\u6b63\u3001\u524a\u9664\u306b\u5bfe\u5fdc\u3044\u305f\u3057\u307e\u3059\u3002<\/p>\n\n\n\n<div class=\"wp-block-stackable-text stk-block-text stk-block stk-9348b92\" data-block-id=\"9348b92\"><p class=\"stk-block-text__text\">Ce site peut collecter des donn\u00e9es personnelles telles que le nom et l\u2019adresse e-mail via le formulaire de contact.<br>Ces donn\u00e9es sont utilis\u00e9es uniquement dans le but de r\u00e9pondre aux demandes et d\u2019assurer les communications n\u00e9cessaires.<\/p><\/div>\n\n\n\n<p>Les donn\u00e9es personnelles sont conserv\u00e9es de mani\u00e8re s\u00e9curis\u00e9e et ne seront ni vendues ni transmises \u00e0 des tiers, sauf obligation l\u00e9gale.<\/p>\n\n\n\n<p>Conform\u00e9ment au R\u00e8glement G\u00e9n\u00e9ral sur la Protection des Donn\u00e9es (RGPD), les utilisateurs peuvent demander l\u2019acc\u00e8s, la rectification ou la suppression de leurs donn\u00e9es personnelles en nous contactant.<\/p>\n\n\n\n<p>Santop sarl<br>+33 1 42 96 90 64<br>4 rue chabanais 75002 PARIS<br>FRANCE<\/p>\n<\/div><\/div><\/div>\n<\/div><\/div>\n\n\n\n<div class=\"wp-block-stackable-spacer stk-block-spacer stk--no-padding stk-block stk-18a5560\" data-block-id=\"18a5560\"><style>.stk-18a5560 {height:72px !important;}<\/style><\/div>\n","protected":false},"excerpt":{"rendered":"<p>Privacy policy \u79c1\u305f\u3061\u306e\u30b5\u30a4\u30c8\u30a2\u30c9\u30ec\u30b9\u306f https:\/\/santop.fr \u3067\u3059\u3002 \u5f53\u30b5\u30a4\u30c8\u3067\u306f\u3001\u304a\u554f\u3044\u5408\u308f\u305b\u30d5\u30a9\u30fc\u30e0\u3092\u901a\u3058\u3066\u3001\u6c0f\u540d\u3001\u30e1\u30fc\u30eb\u30a2\u30c9\u30ec\u30b9\u7b49\u306e\u500b\u4eba\u60c5\u5831\u3092\u3054\u63d0\u4f9b\u3044\u305f\u3060\u304f\u5834\u5408\u304c\u3042\u308a\u307e\u3059\u3002\u3053\u308c\u3089\u306e\u500b\u4eba [&hellip;]<\/p>\n","protected":false},"author":1,"featured_media":0,"parent":0,"menu_order":0,"comment_status":"closed","ping_status":"closed","template":"","meta":{"content-type":"","footnotes":""},"class_list":["post-652","page","type-page","status-publish","hentry"],"blocksy_meta":[],"_links":{"self":[{"href":"https:\/\/santop.fr\/jp\/wp-json\/wp\/v2\/pages\/652","targetHints":{"allow":["GET"]}}],"collection":[{"href":"https:\/\/santop.fr\/jp\/wp-json\/wp\/v2\/pages"}],"about":[{"href":"https:\/\/santop.fr\/jp\/wp-json\/wp\/v2\/types\/page"}],"author":[{"embeddable":true,"href":"https:\/\/santop.fr\/jp\/wp-json\/wp\/v2\/users\/1"}],"replies":[{"embeddable":true,"href":"https:\/\/santop.fr\/jp\/wp-json\/wp\/v2\/comments?post=652"}],"version-history":[{"count":3,"href":"https:\/\/santop.fr\/jp\/wp-json\/wp\/v2\/pages\/652\/revisions"}],"predecessor-version":[{"id":689,"href":"https:\/\/santop.fr\/jp\/wp-json\/wp\/v2\/pages\/652\/revisions\/689"}],"wp:attachment":[{"href":"https:\/\/santop.fr\/jp\/wp-json\/wp\/v2\/media?parent=652"}],"curies":[{"name":"wp","href":"https:\/\/api.w.org\/{rel}","templated":true}]}}